{"id":3478,"date":"2017-09-01T00:00:31","date_gmt":"2017-08-31T22:00:31","guid":{"rendered":"http:\/\/www.pmp4you.support\/pmp\/?page_id=3478"},"modified":"2020-04-22T20:20:33","modified_gmt":"2020-04-22T18:20:33","slug":"seminarkalender","status":"publish","type":"page","link":"https:\/\/www.pmp4you.support\/pmp\/hr-development-2\/seminarkalender\/","title":{"rendered":"Seminarkalender"},"content":{"rendered":"\n<h2 class=\"wp-block-heading\"><span style=\"color: #ff9900;\">Im brennpunkt:<\/span> Seminare Februar bis November<\/h2>\n\n\n\n<p>Der Seminarkalender gibt f\u00fcr unsere offenen Seminare die n\u00f6tigen Hinweise auf:<\/p>\n\n\n\n<div class=\"wp-block-image\"><figure class=\"alignright\"><a href=\"http:\/\/www.pmp.co.at\/pmp\/wp-content\/uploads\/2014\/02\/seminarkalender.jpg\"><img loading=\"lazy\" decoding=\"async\" width=\"300\" height=\"210\" src=\"http:\/\/www.pmp.co.at\/pmp\/wp-content\/uploads\/2014\/02\/seminarkalender-300x210.jpg\" alt=\"l_077\" class=\"wp-image-4779\" srcset=\"https:\/\/www.pmp4you.support\/pmp\/wp-content\/uploads\/2014\/02\/seminarkalender-300x210.jpg 300w, https:\/\/www.pmp4you.support\/pmp\/wp-content\/uploads\/2014\/02\/seminarkalender.jpg 500w\" sizes=\"(max-width: 300px) 100vw, 300px\" \/><\/a><\/figure><\/div>\n\n\n\n<ul><li>die Seminarziele<\/li><li>die Seminarinhalte<\/li><li>die Seminartermine<\/li><li>den Seminarort<\/li><li>die Seminargeb\u00fchr<\/li><li>die Anmeldung<\/li><li>Link zur PDF-Seminarbeschreibung<\/li><\/ul>\n\n\n\n<p>Weiterlesen und ausdrucken: Die Seminarbeschreibungen mit den Details zu den Seminaren finden Sie auch im [button text=&#8220;PDF-Archiv&#8220; link=&#8220;http:\/\/www.pmp.co.at\/pmp\/?page_id=3470 \/&#8220; size=&#8220;normal&#8220; target=&#8220;_new&#8220;]<\/p>\n\n\n\n<div class=\"wp-block-coblocks-accordion\">\n<div class=\"wp-block-coblocks-accordion-item\"><details><summary class=\"wp-block-coblocks-accordion-item__title\">Pers\u00f6nlichkeitsentwicklung und Selbstmanagement<\/summary><div class=\"wp-block-coblocks-accordion-item__content\">\n<p><strong>Wer Erfolg haben will, muss lernen sich selbst zu managen.<\/strong><\/p>\n\n\n\n<p>Nur dann wird er den Platz in der Arbeitswelt finden, der seinen F\u00e4higkeiten angemessen ist. Dabei gilt, dass Menschen nur dann wirklich erfolgreich sind, wenn sie die Dinge tun (k\u00f6nnen), die sie beherrschen, auf eine Weise, die ihnen liegt. Zentrale Fragen dabei sind: Was genau sind meine St\u00e4rken? Wie lerne ich? Welche Werte habe ich? Wie arbeite ich?<\/p>\n\n\n\n<ul><li>Ein-Tages-Workshop mit einer Vielfalt von handlungs- und erlebnisorientierten Aktivit\u00e4ten sowie intensiver Arbeit an der eigenen Person, dem eigenen Handeln und Verhalten.<\/li><\/ul>\n\n\n\n<p><strong>Termin Februar<\/strong><br \/>11. Februar<br \/>08:30 &#8211; 17:00 Uhr<\/p>\n\n\n\n<p><strong>Termin Juni<\/strong><br \/>10. Juni<br \/>08:30 &#8211; 17:00 Uhr<\/p>\n\n\n\n<p><strong>Termin Oktober<\/strong><br \/>7. Oktober<br \/>08:30 &#8211; 17:00 Uhr<\/p>\n\n\n\n<p><strong>Seminarort<\/strong><br \/>PMP-Haus<br \/>Schmiedingerstra\u00dfe 87<br \/>5020 Salzburg<\/p>\n\n\n\n<p><strong>Seminargeb\u00fchr<\/strong><br \/>EUR 890,&#8211; exkl. 20% USt.<br \/>Inkl. Seminardokumentation und Seminarbewirtung<\/p>\n\n\n\n<p><strong>Anmeldung<\/strong><br \/>per E-Mail an: office@pmp.co.at<\/p>\n\n\n\n<p><strong>Seminarziele<\/strong><\/p>\n\n\n\n<ul><li>Sie erkennen Ihre pers\u00f6nlichen St\u00e4rken und Schw\u00e4chen und nutzen diese f\u00fcr potenzielle Entwicklungsm\u00f6glichkeiten<\/li><li>Sie erkennen Ihren pers\u00f6nlichen Lernstil und nutzen diesen f\u00fcr potenzielle Entwicklungsm\u00f6glichkeiten<\/li><li>Sie erkennen Ihren pers\u00f6nlichen Arbeitsstil und nutzen diesen f\u00fcr potenzielle Entwicklungsm\u00f6glichkeiten<\/li><li>Sie setzen erprobte M\u00f6glichkeiten ein, um Ihre pers\u00f6nliche Arbeitsorganisation zu verbessern<\/li><li>Sie erkennen Ihre pers\u00f6nlichen Werte und nutzen diese f\u00fcr potenzielle Entwicklungsm\u00f6glichkeiten<\/li><li>Sie erkennen die Wirkung und Bedeutung Ihrer pers\u00f6nlichen Meta-Programme und nutzen diese f\u00fcr potenzielle Entwicklungsm\u00f6glichkeiten<\/li><\/ul>\n\n\n\n<p><strong>Seminarinhalte<\/strong><\/p>\n\n\n\n<ul><li>Die Kunst sich selbst zu managen<\/li><li>Worin liegen meine St\u00e4rken?<\/li><li>Wie lerne ich?<\/li><li>Wie arbeite ich? &#8211; Arbeitsorganisation<\/li><li>Welche Wertvorstellung habe ich?<\/li><li>Meta-Programme<\/li><\/ul>\n\n\n\n<p><strong>Link zur PDF-Seminarbeschreibung<\/strong><\/p>\n\n\n\n<p>Weiterlesen und ausdrucken &#8211; die Details zum Seminar finden Sie im PDF-Archiv:<br \/><a href=\"\/pmp\/wp-content\/uploads\/81_sb_persoenlichkeitsentwicklung_und_selbstmanagement2.pdf\" target=\"_blank\" rel=\"noreferrer noopener\"><strong>><\/strong> SB Pers\u00f6nlichkeitsentwicklung und Selbstmanagement<\/a><\/p>\n<\/div><\/details><\/div>\n<\/div>\n\n\n\n<div class=\"wp-block-coblocks-accordion\">\n<div class=\"wp-block-coblocks-accordion-item\"><details><summary class=\"wp-block-coblocks-accordion-item__title\">Selbstmanagement und Selbstorganisation<\/summary><div class=\"wp-block-coblocks-accordion-item__content\">\n<p><strong>Selbstmanagement ist eine Schl\u00fcsselkompetenz, die nur wenige beherrschen.<\/strong><\/p>\n\n\n\n<p>Eigentlich kein Wunder, denn weder Schulen noch Universit\u00e4ten vermitteln, wie wir unsere beruflichen Ziele finden und zielstrebig verfolgen, unsere Arbeit perfekt organisieren, Zeit richtig nutzen, mit anderen effektiv zusammenarbeiten oder unsere kommunikativen F\u00e4higkeiten weiterentwickeln. Den Arbeitsalltag in den Griff bekommen, berufliche Ziele erreichen, sich selbst managen und vorankommen sind die gro\u00dfen Herausforderungen.<\/p>\n\n\n\n<ul><li>&nbsp;Ein-Tages-Workshop mit einer Vielfalt von handlungs- und erlebnisorientierten Aktivit\u00e4ten sowie intensiver Arbeit an der eigenen Person, dem eigenen Handeln und Verhalten.<\/li><\/ul>\n\n\n\n<p><strong>Termin Mai<\/strong><br \/>6. Mai<br \/>08:30 &#8211; 17:00 Uhr<\/p>\n\n\n\n<p><strong>Termin Juli<\/strong><br \/>15. Juli<br \/>08:30 &#8211; 17:00 Uhr<\/p>\n\n\n\n<p><strong>Termin November<\/strong><br \/>11. November<br \/>08:30 &#8211; 17:00 Uhr<\/p>\n\n\n\n<p><strong>Seminarort<\/strong><br \/>PMP-Haus<br \/>Schmiedingerstra\u00dfe 87<br \/>5020 Salzburg<\/p>\n\n\n\n<p><strong>Seminargeb\u00fchr<\/strong><br \/>EUR 890,&#8211; exkl. 20% USt.<br \/>Inkl. Seminardokumentation und Seminarbewirtung<\/p>\n\n\n\n<p><strong>Anmeldung<\/strong><br \/>per E-Mail an: office@pmp.co.at<\/p>\n\n\n\n<p><strong>Seminarziele<\/strong><\/p>\n\n\n\n<ul><li>Sie erkennen Ihre eigene Verantwortung f\u00fcr die Gestaltung und Pflege von Beziehungen und nutzen diese f\u00fcr potenzielle Entwicklungsm\u00f6glichkeiten<\/li><li>Sie erkennen Ihre eigenen beruflichen und privaten Rollen sowie die Rollen- und Beziehungsnetzwerk und nutzen diese f\u00fcr potenzielle Entwicklungsm\u00f6glichkeiten<\/li><li>Sie k\u00f6nnen die Anforderungen Ihrer eigenen Funktion erl\u00e4utern und die Positionsziele, die Kernaufgaben und Anforderungen benennen und nutzen diese f\u00fcr potenzielle Entwicklungsm\u00f6glichkeiten<\/li><li>Sie erkennen die Bedeutung der Entwicklung in unterschiedlichen Lebensabschnitten f\u00fcr Ihre berufliche und private Laufbahngestaltung und nutzen diese f\u00fcr potenzielle Entwicklungsm\u00f6glichkeiten<\/li><li>Sie kennen die Bedeutung des Managementkreises f\u00fcr die Arbeit mit Zielen und das pers\u00f6nliche Zeitmanagement und setzen erprobte Instrumente ein, um Ziele festzulegen, Teilaufgaben zu planen, Priorit\u00e4ten zu setzen, Aktivit\u00e4ten umzusetzen und die Zielerreichung zu pr\u00fcfen<\/li><li>Sie nutzen Methoden des Selbstmanagements um mit Ihren eigenen Ressourcen verantwortungsbewusst umzugehen<\/li><\/ul>\n\n\n\n<p><strong>Seminarinhalte<\/strong><\/p>\n\n\n\n<ul><li>Verantwortung f\u00fcr Beziehungen<\/li><li>Wo geh\u00f6re ich hin?<\/li><li>Welchen Beitrag sollte ich erbringen?<\/li><li>Laufbahngestaltung<\/li><li>&nbsp;Ziele setzen &#8211; Zeit nutzen<\/li><\/ul>\n\n\n\n<p><strong>Link zur PDF-Seminarbeschreibung<\/strong><\/p>\n\n\n\n<p>Weiterlesen und ausdrucken &#8211; die Details zum Seminar finden Sie im PDF-Archiv:<br \/><a href=\"\/pmp\/wp-content\/uploads\/82_sb_selbstmanagement_und_selbstorganisation2.pdf\" target=\"_blank\" rel=\"noreferrer noopener\"><strong>> <\/strong>SB Selbstmanagement und Selbstorganisation<\/a><\/p>\n<\/div><\/details><\/div>\n<\/div>\n\n\n\n<h3 class=\"wp-block-heading\">Ihre Fragen<\/h3>\n\n\n\n<p>Beantworten wir gerne pers\u00f6nlich. Rufen Sie uns jetzt an oder senden Sie uns ein E-Mail:<\/p>\n\n\n\n<p>+43 (0)662 441866, <a href=\"mailto:office@pmp.co.at\">office@pmp.co.at<\/a><\/p>\n","protected":false},"excerpt":{"rendered":"<p>Im brennpunkt: Seminare Februar bis November Der Seminarkalender gibt f\u00fcr unsere offenen Seminare die n\u00f6tigen Hinweise auf: die Seminarziele die Seminarinhalte die Seminartermine den Seminarort die Seminargeb\u00fchr die Anmeldung Link zur PDF-Seminarbeschreibung Weiterlesen und ausdrucken: Die Seminarbeschreibungen mit den Details zu den Seminaren finden Sie auch im [button text=&#8220;PDF-Archiv&#8220; link=&#8220;http:\/\/www.pmp.co.at\/pmp\/?page_id=3470 \/&#8220; size=&#8220;normal&#8220; target=&#8220;_new&#8220;] Ihre Fragen [&hellip;]<\/p>\n","protected":false},"author":7,"featured_media":4779,"parent":5273,"menu_order":30,"comment_status":"closed","ping_status":"closed","template":"","meta":{"_coblocks_attr":"","_coblocks_dimensions":"","_coblocks_responsive_height":"","_coblocks_accordion_ie_support":"","footnotes":""},"_links":{"self":[{"href":"https:\/\/www.pmp4you.support\/pmp\/wp-json\/wp\/v2\/pages\/3478"}],"collection":[{"href":"https:\/\/www.pmp4you.support\/pmp\/wp-json\/wp\/v2\/pages"}],"about":[{"href":"https:\/\/www.pmp4you.support\/pmp\/wp-json\/wp\/v2\/types\/page"}],"author":[{"embeddable":true,"href":"https:\/\/www.pmp4you.support\/pmp\/wp-json\/wp\/v2\/users\/7"}],"replies":[{"embeddable":true,"href":"https:\/\/www.pmp4you.support\/pmp\/wp-json\/wp\/v2\/comments?post=3478"}],"version-history":[{"count":0,"href":"https:\/\/www.pmp4you.support\/pmp\/wp-json\/wp\/v2\/pages\/3478\/revisions"}],"up":[{"embeddable":true,"href":"https:\/\/www.pmp4you.support\/pmp\/wp-json\/wp\/v2\/pages\/5273"}],"wp:featuredmedia":[{"embeddable":true,"href":"https:\/\/www.pmp4you.support\/pmp\/wp-json\/wp\/v2\/media\/4779"}],"wp:attachment":[{"href":"https:\/\/www.pmp4you.support\/pmp\/wp-json\/wp\/v2\/media?parent=3478"}],"curies":[{"name":"wp","href":"https:\/\/api.w.org\/{rel}","templated":true}]}}