{"id":5358,"date":"2020-04-01T00:00:08","date_gmt":"2020-03-31T22:00:08","guid":{"rendered":"http:\/\/www.pmp4you.support\/pmp\/?page_id=5358"},"modified":"2020-04-17T13:21:36","modified_gmt":"2020-04-17T11:21:36","slug":"veraenderungsprozesse","status":"publish","type":"page","link":"https:\/\/www.pmp4you.support\/pmp\/hr-development-2\/veraenderungsprozesse\/","title":{"rendered":"Ver\u00e4nderungsprozesse"},"content":{"rendered":"<div data-colibri-id=\"5358-c1\" class=\"style-4126 style-local-5358-c1 position-relative\">\n  <!---->\n  <div data-colibri-component=\"section\" data-colibri-id=\"5358-c2\" id=\"reusable-sections\" class=\"h-section h-section-global-spacing d-flex align-items-lg-center align-items-md-center align-items-center style-4131 style-local-5358-c2 position-relative\">\n    <!---->\n    <!---->\n    <div class=\"h-section-grid-container h-section-boxed-container\">\n      <!---->\n      <div data-colibri-id=\"5358-c3\" class=\"h-row-container gutters-row-lg-2 gutters-row-md-2 gutters-row-0 gutters-row-v-lg-2 gutters-row-v-md-2 gutters-row-v-2 style-4132 style-local-5358-c3 position-relative\">\n        <!---->\n        <div class=\"h-row justify-content-lg-center justify-content-md-center justify-content-center align-items-lg-stretch align-items-md-stretch align-items-stretch gutters-col-lg-2 gutters-col-md-2 gutters-col-0 gutters-col-v-lg-2 gutters-col-v-md-2 gutters-col-v-2\">\n          <!---->\n          <div class=\"h-column h-column-container d-flex h-col-lg-auto h-col-md-auto h-col-auto style-4133-outer style-local-5358-c4-outer\">\n            <div data-colibri-id=\"5358-c4\" class=\"d-flex h-flex-basis h-column__inner h-px-lg-2 h-px-md-2 h-px-2 v-inner-lg-2 v-inner-md-2 v-inner-2 style-4133 style-local-5358-c4 position-relative\">\n              <!---->\n              <!---->\n              <div class=\"w-100 h-y-container h-column__content h-column__v-align flex-basis-100 align-self-lg-start align-self-md-start align-self-start\">\n                <!---->\n                <div data-colibri-id=\"5358-c5\" class=\"h-global-transition-all h-heading style-4134 style-local-5358-c5 position-relative h-element\">\n                  <!---->\n                  <!---->\n                  <h2 class=\"\"><em style=\"font-family: Playfair Display; color: rgb(247, 144, 7);\">Im Brennpunkt: <\/em>Sicherheit durch <em style=\"font-family: Playfair Display; color: rgb(247, 144, 7);\">punktgenaue<\/em> Ver\u00e4nderungsprozesse<em style=\"font-family: Playfair Display; color: rgb(247, 144, 7);\"><br \/><\/em><\/h2>\n                <\/div>\n                <div data-colibri-id=\"5358-c6\" class=\"style-4135 style-local-5358-c6 position-relative h-element\">\n                  <!---->\n                <\/div>\n                <div data-colibri-id=\"5358-c7\" class=\"h-global-transition-all h-heading style-4136 style-local-5358-c7 position-relative h-element\">\n                  <!---->\n                  <!---->\n                  <h3 class=\"\">Unsere Leistung<\/h3>\n                <\/div>\n                <div data-colibri-id=\"5358-c8\" class=\"h-lead h-text h-text-component style-4137 style-local-5358-c8 position-relative h-element\">\n                  <!---->\n                  <!---->\n                  <div class=\"\">\n                    <p>Es ist die Aufgabe des Personalmanagements, durch die Gestaltung und Begleitung von Ver\u00e4nderungsprozessen F\u00fchrungskr\u00e4fte und Mitarbeiter in der Aufrechterhaltung des Normalbetriebes und der Entwicklung und Ver\u00e4nderung der Organisation\n                      zu unterst\u00fctzen.<\/p>\n                  <\/div>\n                <\/div>\n              <\/div>\n            <\/div>\n          <\/div>\n          <div class=\"h-column h-column-container d-flex h-col-lg-auto h-col-md-auto h-col-auto style-4138-outer style-local-5358-c9-outer\">\n            <div data-colibri-id=\"5358-c9\" class=\"d-flex h-flex-basis h-column__inner h-px-lg-2 h-px-md-2 h-px-2 v-inner-lg-2 v-inner-md-2 v-inner-2 style-4138 style-local-5358-c9 position-relative\">\n              <!---->\n              <!---->\n              <div class=\"w-100 h-y-container h-column__content h-column__v-align flex-basis-100 align-self-lg-start align-self-md-start align-self-start\">\n                <!---->\n                <div data-colibri-id=\"5358-c10\" class=\"d-block style-4139 style-local-5358-c10 position-relative h-element\">\n                  <!---->\n                  <div class=\"h-image__frame-container-outer\">\n                    <div class=\"h-image__frame-container\">\n                      <!---->\n                      <!---->\n                      <img loading=\"lazy\" decoding=\"async\" width=\"451\" height=\"350\" src=\"https:\/\/www.pmp4you.support\/pmp\/wp-content\/uploads\/cropped-l_064.png\" class=\"wp-image-14440 style-4139-image style-local-5358-c10-image\" alt=\"\" srcset=\"https:\/\/www.pmp4you.support\/pmp\/wp-content\/uploads\/cropped-l_064.png 451w, https:\/\/www.pmp4you.support\/pmp\/wp-content\/uploads\/cropped-l_064-300x233.png 300w\" sizes=\"(max-width: 451px) 100vw, 451px\" \/>\n                      <div class=\"h-image__frame h-hide-lg h-hide-md h-hide-sm style-4139-frameImage style-local-5358-c10-frameImage\"><\/div>\n                    <\/div>\n                  <\/div>\n                <\/div>\n              <\/div>\n            <\/div>\n          <\/div>\n        <\/div>\n      <\/div>\n    <\/div>\n  <\/div>\n  <div data-colibri-component=\"section\" data-colibri-id=\"5358-c11\" id=\"reusable-sections-2\" class=\"h-section h-section-global-spacing d-flex align-items-lg-center align-items-md-center align-items-center style-4140 style-local-5358-c11 position-relative\">\n    <!---->\n    <!---->\n    <div class=\"h-section-grid-container h-section-boxed-container\">\n      <!---->\n      <div data-colibri-id=\"5358-c12\" class=\"h-row-container gutters-row-lg-2 gutters-row-md-2 gutters-row-0 gutters-row-v-lg-2 gutters-row-v-md-2 gutters-row-v-2 style-4141 style-local-5358-c12 position-relative\">\n        <!---->\n        <div class=\"h-row justify-content-lg-center justify-content-md-center justify-content-center align-items-lg-stretch align-items-md-stretch align-items-stretch gutters-col-lg-2 gutters-col-md-2 gutters-col-0 gutters-col-v-lg-2 gutters-col-v-md-2 gutters-col-v-2\">\n          <!---->\n          <div class=\"h-column h-column-container d-flex h-col-lg-auto h-col-md-auto h-col-auto style-4142-outer style-local-5358-c13-outer\">\n            <div data-colibri-id=\"5358-c13\" class=\"d-flex h-flex-basis h-column__inner h-px-lg-2 h-px-md-2 h-px-2 v-inner-lg-2 v-inner-md-2 v-inner-2 style-4142 style-local-5358-c13 position-relative\">\n              <!---->\n              <!---->\n              <div class=\"w-100 h-y-container h-column__content h-column__v-align flex-basis-100 align-self-lg-start align-self-md-start align-self-start\">\n                <!---->\n                <div data-colibri-id=\"5358-c14\" class=\"h-global-transition-all h-heading style-4143 style-local-5358-c14 position-relative h-element\">\n                  <!---->\n                  <!---->\n                  <h3 class=\"\">Wie wir Sie unterst\u00fctzen<\/h3>\n                <\/div>\n              <\/div>\n            <\/div>\n          <\/div>\n        <\/div>\n      <\/div>\n      <div data-colibri-id=\"5358-c15\" class=\"h-row-container gutters-row-lg-2 gutters-row-md-2 gutters-row-0 gutters-row-v-lg-2 gutters-row-v-md-2 gutters-row-v-2 style-4144 style-local-5358-c15 position-relative\">\n        <!---->\n        <div class=\"h-row justify-content-lg-center justify-content-md-center justify-content-center align-items-lg-stretch align-items-md-stretch align-items-stretch gutters-col-lg-2 gutters-col-md-2 gutters-col-0 gutters-col-v-lg-2 gutters-col-v-md-2 gutters-col-v-2\">\n          <!---->\n          <div class=\"h-column h-column-container d-flex h-col-lg-auto h-col-md-auto h-col-auto style-4145-outer style-local-5358-c16-outer\">\n            <div data-colibri-id=\"5358-c16\" class=\"d-flex h-flex-basis h-column__inner h-px-lg-2 h-px-md-2 h-px-2 v-inner-lg-2 v-inner-md-2 v-inner-2 style-4145 style-local-5358-c16 position-relative\">\n              <!---->\n              <!---->\n              <div class=\"w-100 h-y-container h-column__content h-column__v-align flex-basis-100 align-self-lg-start align-self-md-start align-self-start\">\n                <!---->\n                <div data-colibri-id=\"5358-c17\" class=\"h-lead h-text h-text-component style-4146 style-local-5358-c17 position-relative h-element\">\n                  <!---->\n                  <!---->\n                  <div class=\"\">\n                    <p>Gemeinsam bearbeiten und l\u00f6sen wir die zentralen Fragen eines Ver\u00e4nderungsprozesses:\n                      <br \/>\n                    <\/p>\n                    <h4><span style=\"color: rgb(247, 144, 7);\">\u25cf <\/span>Change-Management<\/h4>\n                    <p>Wie m\u00fcssen Ver\u00e4nderungsprozesse gestaltt und begleitet werden, damit sie erfolgreich sind?<\/p>\n                    <h4><span style=\"color: rgb(247, 144, 7);\">\u25cf <\/span>Personal-Projekte<\/h4>\n                    <p>Wie k\u00f6nnen anspruchsvolle Personalprojekte erfolgreich durchgef\u00fchrt werden?<\/p>\n                  <\/div>\n                <\/div>\n              <\/div>\n            <\/div>\n          <\/div>\n          <div class=\"h-column h-column-container d-flex h-col-lg-auto h-col-md-auto h-col-auto style-4147-outer style-local-5358-c18-outer\">\n            <div data-colibri-id=\"5358-c18\" class=\"d-flex h-flex-basis h-column__inner h-px-lg-2 h-px-md-2 h-px-2 v-inner-lg-2 v-inner-md-2 v-inner-2 style-4147 style-local-5358-c18 position-relative\">\n              <!---->\n              <!---->\n              <div class=\"w-100 h-y-container h-column__content h-column__v-align flex-basis-100 align-self-lg-start align-self-md-start align-self-start\">\n                <!---->\n                <div data-colibri-id=\"5358-c19\" class=\"h-lead h-text h-text-component style-4146 style-local-5358-c19 position-relative h-element\">\n                  <!---->\n                  <!---->\n                  <div class=\"\">\n                    <h4><span style=\"color: rgb(247, 144, 7);\">\u25cf <\/span>Prozess-Begleitung<\/h4>\n                    <p>Wie k\u00f6nnen komplexe Prozesse zielorientiert gestaltet, evaluiert und optimiert werden?<\/p>\n                    <h4><span style=\"color: rgb(247, 144, 7);\">\u25cf <\/span>Coaching<\/h4>\n                    <p>Wie k\u00f6nnen F\u00fchrungskr\u00e4fte und Mitarbeiter&nbsp;durch Coaching beim Umgang mit der aktuellen Situation, bei der Aktivierung ihrer Ressourcen und der Zielerreichung unterst\u00fctzt werden?<\/p>\n                  <\/div>\n                <\/div>\n              <\/div>\n            <\/div>\n          <\/div>\n        <\/div>\n      <\/div>\n      <div data-colibri-id=\"5358-c20\" class=\"h-row-container gutters-row-lg-2 gutters-row-md-2 gutters-row-0 gutters-row-v-lg-2 gutters-row-v-md-2 gutters-row-v-2 style-4148 style-local-5358-c20 position-relative\">\n        <!---->\n        <div class=\"h-row justify-content-lg-center justify-content-md-center justify-content-center align-items-lg-stretch align-items-md-stretch align-items-stretch gutters-col-lg-2 gutters-col-md-2 gutters-col-0 gutters-col-v-lg-2 gutters-col-v-md-2 gutters-col-v-2\">\n          <!---->\n          <div class=\"h-column h-column-container d-flex h-col-lg-auto h-col-md-auto h-col-auto style-4149-outer style-local-5358-c21-outer\">\n            <div data-colibri-id=\"5358-c21\" class=\"d-flex h-flex-basis h-column__inner h-px-lg-2 h-px-md-2 h-px-2 v-inner-lg-2 v-inner-md-2 v-inner-2 style-4149 style-local-5358-c21 position-relative\">\n              <!---->\n              <!---->\n              <div class=\"w-100 h-y-container h-column__content h-column__v-align flex-basis-100 align-self-lg-start align-self-md-start align-self-start\">\n                <!---->\n                <div data-colibri-id=\"5358-c22\" class=\"h-global-transition-all h-heading style-4150 style-local-5358-c22 position-relative h-element\">\n                  <!---->\n                  <!---->\n                  <h3 class=\"\">Ihr Nutzen<\/h3>\n                <\/div>\n                <div data-colibri-id=\"5358-c23\" class=\"h-lead h-text h-text-component style-4146 style-local-5358-c23 position-relative h-element\">\n                  <!---->\n                  <!---->\n                  <div class=\"\">\n                    <p>Sie steigern die Ver\u00e4nderungsbereitschaft und die Innovationen und setzen den Hebel im Ver\u00e4nderungs- und Entwicklungsprozess an den richtigen Punkten an.<\/p>\n                    <p>So bleiben Sie stets handlungsf\u00e4hig und realisieren z\u00fcgig dringend notwendige Projekte.<\/p>\n                  <\/div>\n                <\/div>\n                <div data-colibri-id=\"5358-c24\" class=\"style-4151 style-local-5358-c24 position-relative h-element\">\n                  <!---->\n                <\/div>\n                <div data-colibri-id=\"5358-c25\" class=\"h-global-transition-all h-heading style-4152 style-local-5358-c25 position-relative h-element\">\n                  <!---->\n                  <!---->\n                  <h3 class=\"\">Das Faktenblatt zum Ausdrucken<\/h3>\n                <\/div>\n                <div data-colibri-id=\"5358-c26\" class=\"h-lead h-text h-text-component style-4146 style-local-5358-c26 position-relative h-element\">\n                  <!---->\n                  <!---->\n                  <div class=\"\">\n                    <p>\n                      <a href=\"\/pmp\/wp-content\/uploads\/76_fb_veraenderungsprozesse2.pdf\" style=\"font-family: Oswald;\" rel=\"nofollow noopener noreferrer\" target=\"_blank\" class=\"customize-unpreviewable\" draggable=\"false\">PDF-Download<\/a> \u2013 Faktenblatt Ver\u00e4nderungsprozesse<\/p>\n                  <\/div>\n                <\/div>\n              <\/div>\n            <\/div>\n          <\/div>\n          <div class=\"h-column h-column-container d-flex h-col-lg-auto h-col-md-auto h-col-auto style-4153-outer style-local-5358-c27-outer\">\n            <div data-colibri-id=\"5358-c27\" class=\"d-flex h-flex-basis h-column__inner h-px-lg-2 h-px-md-2 h-px-2 v-inner-lg-2 v-inner-md-2 v-inner-2 style-4153 style-local-5358-c27 position-relative\">\n              <!---->\n              <!---->\n              <div class=\"w-100 h-y-container h-column__content h-column__v-align flex-basis-100 align-self-lg-start align-self-md-start align-self-start\">\n                <!---->\n                <div data-colibri-id=\"5358-c28\" class=\"h-global-transition-all h-heading style-4152 style-local-5358-c28 position-relative h-element\">\n                  <!---->\n                  <!---->\n                  <h3 class=\"\"><em style=\"font-family: Playfair Display; color: rgb(247, 144, 7);\">\u2022\u2022\u2022punktgenau<\/em><\/h3>\n                <\/div>\n                <div data-colibri-id=\"5358-c29\" class=\"h-lead h-text h-text-component style-4146 style-local-5358-c29 position-relative h-element\">\n                  <!---->\n                  <!---->\n                  <div class=\"\">\n                    <p>Wir wissen wo man im Ver\u00e4nderungsprozess den Hebel ansetzen kann und k\u00fcmmern uns um die Prozesssteuerung. Dazu orientieren wir uns an den zwei wesentlichen Variablen:<\/p>\n                    <p><span style=\"color: rgb(247, 144, 7);\">\u25cf<\/span> dem \u201eFeld der Interventionen\u201c \u2013 Probleme, Ziele oder Ressourcen\n                      <br \/><span style=\"color: rgb(247, 144, 7);\">\u25cf <\/span>der \u201eBetriebstemperatur\u201c<\/p>\n                  <\/div>\n                <\/div>\n                <div data-toggle=\"true\" data-is-preview=\"true\" data-colibri-component=\"accordion\" data-colibri-id=\"5358-c30\" class=\"h-accordion style-4154 style-local-5358-c30 position-relative h-element\">\n                  <!---->\n                  <div data-colibri-id=\"5358-c31\" class=\"h-accordion-item h-accordion-item-first-child style-4155 style-local-5358-c31 position-relative h-element\">\n                    <!---->\n                    <a data-open-by-default=\"false\" href=\"#5358-c31\" class=\"h-accordion-item-title d-flex align-items-center h-global-transition\">\n                      <!----><span>Ein Ver\u00e4nderungsprozess ist wie Kochen:<\/span>\n                      <div class=\"h-accordion-item-title-normal-icon h-accordion-item-title-icon h-accordion-item-title-icon-right\"><span class=\"h-svg-icon\"><!--Icon by Icons8 Line Awesome (https:\/\/icons8.com\/line-awesome)--><svg version=\"1.1\" xmlns=\"http:\/\/www.w3.org\/2000\/svg\" xmlns:xlink=\"http:\/\/www.w3.org\/1999\/xlink\" id=\"plus\" viewBox=\"0 0 512 545.5\"><path d=\"M240 112h32v160h160v32H272v160h-32V304H80v-32h160V112z\"><\/path><\/svg><\/span><\/div>\n                      <div class=\"h-accordion-item-title-active-icon h-accordion-item-title-icon h-accordion-item-title-icon-right\"><span class=\"h-svg-icon\"><!--Icon by Icons8 Line Awesome (https:\/\/icons8.com\/line-awesome)--><svg version=\"1.1\" xmlns=\"http:\/\/www.w3.org\/2000\/svg\" xmlns:xlink=\"http:\/\/www.w3.org\/1999\/xlink\" id=\"minus\" viewBox=\"0 0 512 545.5\"><path d=\"M80 272h352v32H80v-32z\"><\/path><\/svg><\/span><\/div>\n                    <\/a>\n                    <div id=\"5358-c31\" class=\"h-accordion-item-content__container\">\n                      <div class=\"w-100 h-y-container h-accordion-item-content\">\n                        <!---->\n                        <div data-colibri-id=\"5358-c32\" class=\"h-text h-text-component style-4157 style-local-5358-c32 position-relative h-element\">\n                          <!---->\n                          <!---->\n                          <div class=\"\">\n                            <p><span style=\"color: rgb(247, 144, 7);\">\u25cf <\/span>Wir r\u00fchren in den T\u00f6pfen \u201cProbleme\u201d, \u201cZiele\u201d, \u201cRessourcen\u201d und erh\u00f6hen oder senken die \u201cBetriebstemperatur\u201d.<\/p>\n                            <p><span style=\"color: rgb(247, 144, 7);\">\u25cf <\/span>Das \u201cFeld der Intervention\u201d l\u00e4sst sich gut mit den Kochplatten eines Herdes vergleichen. Auf welcher Platte steht der Topf?<\/p>\n                            <p><span style=\"color: rgb(247, 144, 7);\">\u25cf <\/span>Die andere Variable ist die \u201eBetriebstemperatur\u201c des Prozesses, und die Frage w\u00e4re \u2013 um in diesem Bild zu bleiben \u2013 wie \u201ehei\u00df\u201c diese Platte ist. D.h., wie emotional bewegt, engagiert,\n                              involviert sind die Beteiligten.<\/p>\n                            <p>\n                              <a href=\"https:\/\/www.pmp4you.support\/pmp\/die-entscheidenden-hebel-zum-erfolg-im-veraenderungsprozess\" style=\"font-family: Oswald;\" target=\"_blank\" class=\"\" draggable=\"false\" rel=\"noopener noreferrer\">News-Archiv<\/a> \u2013 Die entscheidenden Hebel zum Erfolg im Ver\u00e4nderungsprozess<\/p>\n                          <\/div>\n                        <\/div>\n                      <\/div>\n                    <\/div>\n                  <\/div>\n                <\/div>\n              <\/div>\n            <\/div>\n          <\/div>\n        <\/div>\n      <\/div>\n    <\/div>\n  <\/div>\n  <div data-colibri-component=\"section\" data-colibri-id=\"5358-c33\" id=\"reusable-sections-3\" class=\"h-section h-section-global-spacing d-flex align-items-lg-center align-items-md-center align-items-center style-4170 style-local-5358-c33 position-relative\">\n    <div class=\"background-wrapper\">\n      <div class=\"background-layer background-layer-media-container-lg\">\n        <!---->\n        <div class=\"overlay-layer\">\n          <div class=\"overlay-image-layer\" style=\"background-image: linear-gradient(90deg, rgba(36, 57, 73, 0.8) 0%, rgba(81, 127, 164, 0.8) 100%);\"><\/div>\n        <\/div>\n      <\/div>\n      <div class=\"background-layer background-layer-media-container-md\">\n        <!---->\n        <div class=\"overlay-layer\">\n          <div class=\"overlay-image-layer\" style=\"background-image: linear-gradient(90deg, rgba(36, 57, 73, 0.8) 0%, rgba(81, 127, 164, 0.8) 100%);\"><\/div>\n        <\/div>\n      <\/div>\n      <div class=\"background-layer background-layer-media-container\">\n        <!---->\n        <div class=\"overlay-layer\">\n          <div class=\"overlay-image-layer\" style=\"background-image: linear-gradient(90deg, rgba(36, 57, 73, 0.8) 0%, rgba(81, 127, 164, 0.8) 100%);\"><\/div>\n        <\/div>\n      <\/div>\n    <\/div>\n    <!---->\n    <div class=\"h-section-grid-container h-section-boxed-container\">\n      <!---->\n      <div data-colibri-id=\"5358-c34\" class=\"h-row-container gutters-row-lg-2 gutters-row-md-2 gutters-row-0 gutters-row-v-lg-2 gutters-row-v-md-2 gutters-row-v-2 style-4171 style-local-5358-c34 position-relative\">\n        <!---->\n        <div class=\"h-row justify-content-lg-center justify-content-md-center justify-content-center align-items-lg-stretch align-items-md-stretch align-items-stretch gutters-col-lg-2 gutters-col-md-2 gutters-col-0 gutters-col-v-lg-2 gutters-col-v-md-2 gutters-col-v-2\">\n          <!---->\n          <div class=\"h-column h-column-container d-flex h-col-lg-auto h-col-md-auto h-col-auto style-4172-outer style-local-5358-c35-outer\">\n            <div data-colibri-id=\"5358-c35\" class=\"d-flex h-flex-basis h-column__inner h-px-lg-0 h-px-md-0 h-px-2 v-inner-lg-0 v-inner-md-0 v-inner-2 style-4172 style-local-5358-c35 position-relative\">\n              <!---->\n              <!---->\n              <div class=\"w-100 h-y-container h-column__content h-column__v-align flex-basis-100 align-self-lg-start align-self-md-start align-self-start\">\n                <!---->\n                <div data-colibri-id=\"5358-c36\" class=\"h-global-transition-all h-heading style-4173 style-local-5358-c36 position-relative h-element\">\n                  <!---->\n                  <!---->\n                  <h2 class=\"\">Werden Sie aktiv! <em style=\"color: rgb(247, 144, 7); font-family: Playfair Display;\">Es dauert nur einen Augenblick<\/em><\/h2>\n                <\/div>\n                <div data-colibri-id=\"5358-c37\" class=\"h-lead h-text h-text-component style-4174 style-local-5358-c37 position-relative h-element\">\n                  <!---->\n                  <!---->\n                  <div class=\"\">\n                    <p>Lassen Sie uns \u00fcber Ihre Herausforderung sprechen \u2013 und wie wir Sie gezielt unterst\u00fctzen k\u00f6nnen: Ob mit Beratung, Analysen, Umsetzung oder gezielter Weiterbildung.<\/p>\n                  <\/div>\n                <\/div>\n                <div data-colibri-id=\"5358-c38\" class=\"h-x-container style-4175 style-local-5358-c38 position-relative h-element\">\n                  <!---->\n                  <div class=\"h-x-container-inner style-dynamic-5358-c38-group style-4175-spacing style-local-5358-c38-spacing\"><span class=\"h-button__outer style-4176-outer style-local-5358-c39-outer d-inline-flex h-element\"><a h-use-smooth-scroll=\"true\" href=\"tel:+436642020498\"  data-colibri-id=\"5358-c39\" class=\"d-flex w-100 align-items-center h-button justify-content-lg-center justify-content-md-center justify-content-center style-4176 style-local-5358-c39 position-relative\"><!----><!----> <span>+43 664 2020498<\/span><\/a>\n                    <\/span>\n                  <\/div>\n                <\/div>\n              <\/div>\n            <\/div>\n          <\/div>\n        <\/div>\n      <\/div>\n    <\/div>\n  <\/div>\n<\/div>","protected":false},"excerpt":{"rendered":"<p>Im Brennpunkt: Sicherheit durch punktgenaue Ver\u00e4nderungsprozesse Unsere Leistung Es ist die Aufgabe des Personalmanagements, durch die Gestaltung und Begleitung von Ver\u00e4nderungsprozessen F\u00fchrungskr\u00e4fte und Mitarbeiter in der Aufrechterhaltung des Normalbetriebes und der Entwicklung und Ver\u00e4nderung der Organisation zu unterst\u00fctzen. Wie wir Sie unterst\u00fctzen Gemeinsam bearbeiten und l\u00f6sen wir die zentralen Fragen eines Ver\u00e4nderungsprozesses: \u25cf Change-Management Wie [&hellip;]<\/p>\n","protected":false},"author":3,"featured_media":4768,"parent":5273,"menu_order":5,"comment_status":"closed","ping_status":"closed","template":"page-templates\/full-width-page.php","meta":{"_coblocks_attr":"","_coblocks_dimensions":"","_coblocks_responsive_height":"","_coblocks_accordion_ie_support":"","footnotes":""},"_links":{"self":[{"href":"https:\/\/www.pmp4you.support\/pmp\/wp-json\/wp\/v2\/pages\/5358"}],"collection":[{"href":"https:\/\/www.pmp4you.support\/pmp\/wp-json\/wp\/v2\/pages"}],"about":[{"href":"https:\/\/www.pmp4you.support\/pmp\/wp-json\/wp\/v2\/types\/page"}],"author":[{"embeddable":true,"href":"https:\/\/www.pmp4you.support\/pmp\/wp-json\/wp\/v2\/users\/3"}],"replies":[{"embeddable":true,"href":"https:\/\/www.pmp4you.support\/pmp\/wp-json\/wp\/v2\/comments?post=5358"}],"version-history":[{"count":0,"href":"https:\/\/www.pmp4you.support\/pmp\/wp-json\/wp\/v2\/pages\/5358\/revisions"}],"up":[{"embeddable":true,"href":"https:\/\/www.pmp4you.support\/pmp\/wp-json\/wp\/v2\/pages\/5273"}],"wp:featuredmedia":[{"embeddable":true,"href":"https:\/\/www.pmp4you.support\/pmp\/wp-json\/wp\/v2\/media\/4768"}],"wp:attachment":[{"href":"https:\/\/www.pmp4you.support\/pmp\/wp-json\/wp\/v2\/media?parent=5358"}],"curies":[{"name":"wp","href":"https:\/\/api.w.org\/{rel}","templated":true}]}}